{"id":4137,"date":"2021-10-28T05:55:44","date_gmt":"2021-10-28T05:55:44","guid":{"rendered":"https:\/\/www.worldbrace.com\/?page_id=4137"},"modified":"2022-06-17T01:49:50","modified_gmt":"2022-06-17T01:49:50","slug":"sport-braces-support-quality-assurance","status":"publish","type":"page","link":"https:\/\/www.worldbrace.com\/fr\/sport-bretelles-support-assurance-qualite\/","title":{"rendered":"Quelles mesures prenez-vous pour le contr\u00f4le de la qualit\u00e9\u00a0?"},"content":{"rendered":"<div data-elementor-type=\"wp-page\" data-elementor-id=\"4137\" class=\"elementor elementor-4137\" data-elementor-post-type=\"page\">\n\t\t\t\t\t\t<section class=\"elementor-section elementor-top-section elementor-element elementor-element-e9de433 elementor-section-boxed elementor-section-height-default elementor-section-height-default\" data-id=\"e9de433\" data-element_type=\"section\" data-settings=\"{&quot;background_background&quot;:&quot;classic&quot;}\">\n\t\t\t\t\t\t<div class=\"elementor-container elementor-column-gap-default\">\n\t\t\t\t\t<div class=\"elementor-column elementor-col-100 elementor-top-column elementor-element elementor-element-efb0ebf\" data-id=\"efb0ebf\" data-element_type=\"column\">\n\t\t\t<div class=\"elementor-widget-wrap elementor-element-populated\">\n\t\t\t\t\t\t<div class=\"elementor-element elementor-element-9c20d53 elementor-widget elementor-widget-text-editor\" data-id=\"9c20d53\" data-element_type=\"widget\" data-widget_type=\"text-editor.default\">\n\t\t\t\t<div class=\"elementor-widget-container\">\n\t\t\t\t\t\t\t\t\t<p><nav aria-label=\"chapelure\" class=\"rank-math-breadcrumb\"><p><span class=\"last\">Accueil<\/span><\/p><\/nav><\/p>\t\t\t\t\t\t\t\t<\/div>\n\t\t\t\t<\/div>\n\t\t\t\t\t<\/div>\n\t\t<\/div>\n\t\t\t\t\t<\/div>\n\t\t<\/section>\n\t\t\t\t<section class=\"elementor-section elementor-top-section elementor-element elementor-element-5a58f2c3 elementor-section-content-middle elementor-section-boxed elementor-section-height-default elementor-section-height-default\" data-id=\"5a58f2c3\" data-element_type=\"section\">\n\t\t\t\t\t\t\t<div class=\"elementor-background-overlay\"><\/div>\n\t\t\t\t\t\t\t<div class=\"elementor-container elementor-column-gap-no\">\n\t\t\t\t\t<div class=\"elementor-column elementor-col-100 elementor-top-column elementor-element elementor-element-51bceec3\" data-id=\"51bceec3\" data-element_type=\"column\">\n\t\t\t<div class=\"elementor-widget-wrap elementor-element-populated\">\n\t\t\t\t\t\t<div class=\"elementor-element elementor-element-3e21dd8b elementor-widget elementor-widget-heading\" data-id=\"3e21dd8b\" data-element_type=\"widget\" data-widget_type=\"heading.default\">\n\t\t\t\t<div class=\"elementor-widget-container\">\n\t\t\t\t\t<h1 class=\"elementor-heading-title elementor-size-default\">Quelles mesures prenez-vous pour le contr\u00f4le de la qualit\u00e9\u00a0?<\/h1>\t\t\t\t<\/div>\n\t\t\t\t<\/div>\n\t\t\t\t\t<\/div>\n\t\t<\/div>\n\t\t\t\t\t<\/div>\n\t\t<\/section>\n\t\t\t\t<section class=\"elementor-section elementor-top-section elementor-element elementor-element-5b1e5a81 elementor-section-content-middle elementor-section-boxed elementor-section-height-default elementor-section-height-default\" data-id=\"5b1e5a81\" data-element_type=\"section\">\n\t\t\t\t\t\t\t<div class=\"elementor-background-overlay\"><\/div>\n\t\t\t\t\t\t\t<div class=\"elementor-container elementor-column-gap-no\">\n\t\t\t\t\t<div class=\"elementor-column elementor-col-100 elementor-top-column elementor-element elementor-element-be2d763\" data-id=\"be2d763\" data-element_type=\"column\">\n\t\t\t<div class=\"elementor-widget-wrap elementor-element-populated\">\n\t\t\t\t\t\t<div class=\"elementor-element elementor-element-b0cca23 elementor-widget elementor-widget-text-editor\" data-id=\"b0cca23\" data-element_type=\"widget\" data-widget_type=\"text-editor.default\">\n\t\t\t\t<div class=\"elementor-widget-container\">\n\t\t\t\t\t\t\t\t\t<p>La qualit\u00e9 fait partie int\u00e9grante de WorldBrace, ce qui nous a permis de nous implanter solidement dans l&#039;industrie des appareils de sport. Notre \u00e9quipe de contr\u00f4le qualit\u00e9 est bien \u00e9quip\u00e9e avec les derniers outils de test de qualit\u00e9, ce qui nous aide \u00e0 effectuer des contr\u00f4les de qualit\u00e9 sur le produit fini pour nous assurer que la livraison \u00e0 notre client est exempte de tout d\u00e9faut.<\/p><p>Pour rester en t\u00eate dans l&#039;industrie comp\u00e9titive, nous adh\u00e9rons \u00e0 certains objectifs de qualit\u00e9 pour atteindre l&#039;excellence totale. Certains de nos objectifs de qualit\u00e9 comprennent les \u00e9l\u00e9ments suivants\u00a0: Am\u00e9liorer la production Maintenir la qualit\u00e9 tout au long de notre processus d&#039;exploitation, Minimiser le gaspillage de mat\u00e9riel De plus, notre \u00e9quipe d&#039;analystes qualit\u00e9 surveille attentivement les proc\u00e9dures de fabrication pour s&#039;assurer que notre gamme de produits est conforme aux normes de qualit\u00e9 internationales en termes de coutures, de tissus et de combinaison de couleurs.\u00a0<\/p>\t\t\t\t\t\t\t\t<\/div>\n\t\t\t\t<\/div>\n\t\t\t\t\t<\/div>\n\t\t<\/div>\n\t\t\t\t\t<\/div>\n\t\t<\/section>\n\t\t\t\t<section class=\"elementor-section elementor-top-section elementor-element elementor-element-58a1bc0 elementor-section-boxed elementor-section-height-default elementor-section-height-default\" data-id=\"58a1bc0\" data-element_type=\"section\">\n\t\t\t\t\t\t\t<div class=\"elementor-background-overlay\"><\/div>\n\t\t\t\t\t\t\t<div class=\"elementor-container elementor-column-gap-default\">\n\t\t\t\t\t<div class=\"elementor-column elementor-col-50 elementor-top-column elementor-element elementor-element-8908e76\" data-id=\"8908e76\" data-element_type=\"column\">\n\t\t\t<div class=\"elementor-widget-wrap elementor-element-populated\">\n\t\t\t\t\t\t<div class=\"elementor-element elementor-element-151d564 elementor-widget elementor-widget-text-editor\" data-id=\"151d564\" data-element_type=\"widget\" data-widget_type=\"text-editor.default\">\n\t\t\t\t<div class=\"elementor-widget-container\">\n\t\t\t\t\t\t\t\t\t<p>Nous pratiquons un \u00abprocessus de contr\u00f4le qualit\u00e9 en 5 \u00e9tapes\u00bb UNIQUE qui vise \u00e0 livrer le produit qui r\u00e9pond \u00e0 vos normes. Chaque pi\u00e8ce que nous fabriquons passe par des tests rigoureux \u00e0 chaque \u00e9tape critique du d\u00e9veloppement du produit, \u00e0 savoir<\/p><ul><li>Approvisionnement en mati\u00e8res premi\u00e8res<\/li><li>Contr\u00f4le de ligne avant coupe<\/li><li>V\u00e9rification des lignes apr\u00e8s la couture<\/li><li>Mesure et contr\u00f4le d&#039;hygi\u00e8ne apr\u00e8s la finition<\/li><li>Contr\u00f4le final avant et apr\u00e8s emballage<\/li><\/ul>\t\t\t\t\t\t\t\t<\/div>\n\t\t\t\t<\/div>\n\t\t\t\t\t<\/div>\n\t\t<\/div>\n\t\t\t\t<div class=\"elementor-column elementor-col-50 elementor-top-column elementor-element elementor-element-b8ffaad\" data-id=\"b8ffaad\" data-element_type=\"column\">\n\t\t\t<div class=\"elementor-widget-wrap elementor-element-populated\">\n\t\t\t\t\t\t<div class=\"elementor-element elementor-element-23e0011 elementor-widget elementor-widget-text-editor\" data-id=\"23e0011\" data-element_type=\"widget\" data-widget_type=\"text-editor.default\">\n\t\t\t\t<div class=\"elementor-widget-container\">\n\t\t\t\t\t\t\t\t\t<p>Autre que ci-dessus, notre \u00e9quipe de contr\u00f4le de la qualit\u00e9 assure ce qui suit<\/p><ul><li>Pas de fils perdus<\/li><li>Aucune erreur de couture<\/li><li>Pas de taches<\/li><li>Aucune erreur d&#039;impression<\/li><li>Emballage de qualit\u00e9<\/li><\/ul>\t\t\t\t\t\t\t\t<\/div>\n\t\t\t\t<\/div>\n\t\t\t\t\t<\/div>\n\t\t<\/div>\n\t\t\t\t\t<\/div>\n\t\t<\/section>\n\t\t\t\t<section class=\"elementor-section elementor-top-section elementor-element elementor-element-473c700 elementor-section-content-middle elementor-section-boxed elementor-section-height-default elementor-section-height-default\" data-id=\"473c700\" data-element_type=\"section\">\n\t\t\t\t\t\t\t<div class=\"elementor-background-overlay\"><\/div>\n\t\t\t\t\t\t\t<div class=\"elementor-container elementor-column-gap-no\">\n\t\t\t\t\t<div class=\"elementor-column elementor-col-100 elementor-top-column elementor-element elementor-element-08be0c2\" data-id=\"08be0c2\" data-element_type=\"column\">\n\t\t\t<div class=\"elementor-widget-wrap elementor-element-populated\">\n\t\t\t\t\t\t<div class=\"elementor-element elementor-element-34c78af elementor-widget elementor-widget-heading\" data-id=\"34c78af\" data-element_type=\"widget\" data-widget_type=\"heading.default\">\n\t\t\t\t<div class=\"elementor-widget-container\">\n\t\t\t\t\t<h2 class=\"elementor-heading-title elementor-size-default\">consultez notre rapport de test et notre certification<\/h2>\t\t\t\t<\/div>\n\t\t\t\t<\/div>\n\t\t\t\t\t<\/div>\n\t\t<\/div>\n\t\t\t\t\t<\/div>\n\t\t<\/section>\n\t\t\t\t<section class=\"elementor-section elementor-top-section elementor-element elementor-element-e037e9d elementor-section-content-middle elementor-section-boxed elementor-section-height-default elementor-section-height-default\" data-id=\"e037e9d\" data-element_type=\"section\">\n\t\t\t\t\t\t\t<div class=\"elementor-background-overlay\"><\/div>\n\t\t\t\t\t\t\t<div class=\"elementor-container elementor-column-gap-no\">\n\t\t\t\t\t<div class=\"elementor-column elementor-col-100 elementor-top-column elementor-element elementor-element-dc0f240\" data-id=\"dc0f240\" data-element_type=\"column\">\n\t\t\t<div class=\"elementor-widget-wrap elementor-element-populated\">\n\t\t\t\t\t\t<section class=\"elementor-section elementor-inner-section elementor-element elementor-element-2a6e3a48 elementor-section-boxed elementor-section-height-default elementor-section-height-default\" data-id=\"2a6e3a48\" data-element_type=\"section\">\n\t\t\t\t\t\t<div class=\"elementor-container elementor-column-gap-default\">\n\t\t\t\t\t<div class=\"elementor-column elementor-col-33 elementor-inner-column elementor-element elementor-element-766c0344\" data-id=\"766c0344\" data-element_type=\"column\">\n\t\t\t<div class=\"elementor-widget-wrap elementor-element-populated\">\n\t\t\t\t\t\t<div class=\"elementor-element elementor-element-c3404ac elementor-position-top elementor-widget elementor-widget-image-box\" data-id=\"c3404ac\" data-element_type=\"widget\" data-widget_type=\"image-box.default\">\n\t\t\t\t<div class=\"elementor-widget-container\">\n\t\t\t\t\t<div class=\"elementor-image-box-wrapper\"><figure class=\"elementor-image-box-img\"><img fetchpriority=\"high\" decoding=\"async\" width=\"1810\" height=\"2560\" src=\"https:\/\/www.worldbrace.com\/wp-content\/uploads\/2022\/05\/BSCI-2021-scaled.jpg\" class=\"elementor-animation-bob attachment-full size-full wp-image-18566\" alt=\"\" srcset=\"https:\/\/www.worldbrace.com\/wp-content\/uploads\/2022\/05\/BSCI-2021-scaled.jpg 1810w, https:\/\/www.worldbrace.com\/wp-content\/uploads\/2022\/05\/BSCI-2021-212x300.jpg 212w, https:\/\/www.worldbrace.com\/wp-content\/uploads\/2022\/05\/BSCI-2021-424x600.jpg 424w, https:\/\/www.worldbrace.com\/wp-content\/uploads\/2022\/05\/BSCI-2021-768x1086.jpg 768w, https:\/\/www.worldbrace.com\/wp-content\/uploads\/2022\/05\/BSCI-2021-1086x1536.jpg 1086w, https:\/\/www.worldbrace.com\/wp-content\/uploads\/2022\/05\/BSCI-2021-1448x2048.jpg 1448w\" sizes=\"(max-width: 1810px) 100vw, 1810px\" \/><\/figure><div class=\"elementor-image-box-content\"><h3 class=\"elementor-image-box-title\">BSCI<\/h3><\/div><\/div>\t\t\t\t<\/div>\n\t\t\t\t<\/div>\n\t\t\t\t\t<\/div>\n\t\t<\/div>\n\t\t\t\t<div class=\"elementor-column elementor-col-33 elementor-inner-column elementor-element elementor-element-8f0adf8\" data-id=\"8f0adf8\" data-element_type=\"column\">\n\t\t\t<div class=\"elementor-widget-wrap elementor-element-populated\">\n\t\t\t\t\t\t<div class=\"elementor-element elementor-element-5c5c42c elementor-position-top elementor-widget elementor-widget-image-box\" data-id=\"5c5c42c\" data-element_type=\"widget\" data-widget_type=\"image-box.default\">\n\t\t\t\t<div class=\"elementor-widget-container\">\n\t\t\t\t\t<div class=\"elementor-image-box-wrapper\"><figure class=\"elementor-image-box-img\"><img decoding=\"async\" width=\"1809\" height=\"2560\" src=\"https:\/\/www.worldbrace.com\/wp-content\/uploads\/2022\/05\/GMP-scaled.jpg\" class=\"elementor-animation-bob attachment-full size-full wp-image-18567\" alt=\"\" srcset=\"https:\/\/www.worldbrace.com\/wp-content\/uploads\/2022\/05\/GMP-scaled.jpg 1809w, https:\/\/www.worldbrace.com\/wp-content\/uploads\/2022\/05\/GMP-212x300.jpg 212w, https:\/\/www.worldbrace.com\/wp-content\/uploads\/2022\/05\/GMP-424x600.jpg 424w, https:\/\/www.worldbrace.com\/wp-content\/uploads\/2022\/05\/GMP-768x1087.jpg 768w, https:\/\/www.worldbrace.com\/wp-content\/uploads\/2022\/05\/GMP-1086x1536.jpg 1086w, https:\/\/www.worldbrace.com\/wp-content\/uploads\/2022\/05\/GMP-1447x2048.jpg 1447w\" sizes=\"(max-width: 1809px) 100vw, 1809px\" \/><\/figure><div class=\"elementor-image-box-content\"><h3 class=\"elementor-image-box-title\">BPF<\/h3><\/div><\/div>\t\t\t\t<\/div>\n\t\t\t\t<\/div>\n\t\t\t\t\t<\/div>\n\t\t<\/div>\n\t\t\t\t<div class=\"elementor-column elementor-col-33 elementor-inner-column elementor-element elementor-element-e08c806\" data-id=\"e08c806\" data-element_type=\"column\">\n\t\t\t<div class=\"elementor-widget-wrap elementor-element-populated\">\n\t\t\t\t\t\t<div class=\"elementor-element elementor-element-a750fd4 elementor-position-top elementor-widget elementor-widget-image-box\" data-id=\"a750fd4\" data-element_type=\"widget\" data-widget_type=\"image-box.default\">\n\t\t\t\t<div class=\"elementor-widget-container\">\n\t\t\t\t\t<div class=\"elementor-image-box-wrapper\"><figure class=\"elementor-image-box-img\"><img decoding=\"async\" width=\"1654\" height=\"2339\" src=\"https:\/\/www.worldbrace.com\/wp-content\/uploads\/2022\/05\/REVISED-ISO.jpg\" class=\"elementor-animation-bob attachment-full size-full wp-image-18568\" alt=\"\" srcset=\"https:\/\/www.worldbrace.com\/wp-content\/uploads\/2022\/05\/REVISED-ISO.jpg 1654w, https:\/\/www.worldbrace.com\/wp-content\/uploads\/2022\/05\/REVISED-ISO-212x300.jpg 212w, https:\/\/www.worldbrace.com\/wp-content\/uploads\/2022\/05\/REVISED-ISO-424x600.jpg 424w, https:\/\/www.worldbrace.com\/wp-content\/uploads\/2022\/05\/REVISED-ISO-768x1086.jpg 768w, https:\/\/www.worldbrace.com\/wp-content\/uploads\/2022\/05\/REVISED-ISO-1086x1536.jpg 1086w, https:\/\/www.worldbrace.com\/wp-content\/uploads\/2022\/05\/REVISED-ISO-1448x2048.jpg 1448w\" sizes=\"(max-width: 1654px) 100vw, 1654px\" \/><\/figure><div class=\"elementor-image-box-content\"><h3 class=\"elementor-image-box-title\">ISO 9001<\/h3><\/div><\/div>\t\t\t\t<\/div>\n\t\t\t\t<\/div>\n\t\t\t\t\t<\/div>\n\t\t<\/div>\n\t\t\t\t\t<\/div>\n\t\t<\/section>\n\t\t\t\t\t<\/div>\n\t\t<\/div>\n\t\t\t\t\t<\/div>\n\t\t<\/section>\n\t\t\t\t<\/div>","protected":false},"excerpt":{"rendered":"<p>Quelles mesures prenez-vous pour contr\u00f4ler la qualit\u00e9 ? La qualit\u00e9 fait partie int\u00e9grante de WorldBrace et nous a permis de nous implanter solidement dans l'industrie des orth\u00e8ses de sport. Notre \u00e9quipe de contr\u00f4le de la qualit\u00e9 est bien \u00e9quip\u00e9e des derniers outils de test de la qualit\u00e9, ce qui nous aide \u00e0 effectuer des contr\u00f4les de la qualit\u00e9 sur le produit fini pour [...]<\/p>","protected":false},"author":1,"featured_media":0,"parent":0,"menu_order":0,"comment_status":"closed","ping_status":"closed","template":"","meta":{"site-sidebar-layout":"no-sidebar","site-content-layout":"page-builder","ast-site-content-layout":"default","site-content-style":"default","site-sidebar-style":"default","ast-global-header-display":"","ast-banner-title-visibility":"","ast-main-header-display":"","ast-hfb-above-header-display":"","ast-hfb-below-header-display":"","ast-hfb-mobile-header-display":"","site-post-title":"disabled","ast-breadcrumbs-content":"","ast-featured-img":"disabled","footer-sml-layout":"","theme-transparent-header-meta":"default","adv-header-id-meta":"","stick-header-meta":"","header-above-stick-meta":"","header-main-stick-meta":"","header-below-stick-meta":"","astra-migrate-meta-layouts":"default","ast-page-background-enabled":"default","ast-page-background-meta":{"desktop":{"background-color":"","background-image":"","background-repeat":"repeat","background-position":"center center","background-size":"auto","background-attachment":"scroll","background-type":"","background-media":"","overlay-type":"","overlay-color":"","overlay-opacity":"","overlay-gradient":""},"tablet":{"background-color":"","background-image":"","background-repeat":"repeat","background-position":"center center","background-size":"auto","background-attachment":"scroll","background-type":"","background-media":"","overlay-type":"","overlay-color":"","overlay-opacity":"","overlay-gradient":""},"mobile":{"background-color":"","background-image":"","background-repeat":"repeat","background-position":"center center","background-size":"auto","background-attachment":"scroll","background-type":"","background-media":"","overlay-type":"","overlay-color":"","overlay-opacity":"","overlay-gradient":""}},"ast-content-background-meta":{"desktop":{"background-color":"var(--ast-global-color-5)","background-image":"","background-repeat":"repeat","background-position":"center center","background-size":"auto","background-attachment":"scroll","background-type":"","background-media":"","overlay-type":"","overlay-color":"","overlay-opacity":"","overlay-gradient":""},"tablet":{"background-color":"var(--ast-global-color-5)","background-image":"","background-repeat":"repeat","background-position":"center center","background-size":"auto","background-attachment":"scroll","background-type":"","background-media":"","overlay-type":"","overlay-color":"","overlay-opacity":"","overlay-gradient":""},"mobile":{"background-color":"var(--ast-global-color-5)","background-image":"","background-repeat":"repeat","background-position":"center center","background-size":"auto","background-attachment":"scroll","background-type":"","background-media":"","overlay-type":"","overlay-color":"","overlay-opacity":"","overlay-gradient":""}},"footnotes":""},"class_list":["post-4137","page","type-page","status-publish","hentry"],"_links":{"self":[{"href":"https:\/\/www.worldbrace.com\/fr\/wp-json\/wp\/v2\/pages\/4137","targetHints":{"allow":["GET"]}}],"collection":[{"href":"https:\/\/www.worldbrace.com\/fr\/wp-json\/wp\/v2\/pages"}],"about":[{"href":"https:\/\/www.worldbrace.com\/fr\/wp-json\/wp\/v2\/types\/page"}],"author":[{"embeddable":true,"href":"https:\/\/www.worldbrace.com\/fr\/wp-json\/wp\/v2\/users\/1"}],"replies":[{"embeddable":true,"href":"https:\/\/www.worldbrace.com\/fr\/wp-json\/wp\/v2\/comments?post=4137"}],"version-history":[{"count":0,"href":"https:\/\/www.worldbrace.com\/fr\/wp-json\/wp\/v2\/pages\/4137\/revisions"}],"wp:attachment":[{"href":"https:\/\/www.worldbrace.com\/fr\/wp-json\/wp\/v2\/media?parent=4137"}],"curies":[{"name":"wp","href":"https:\/\/api.w.org\/{rel}","templated":true}]}}